{"id":10,"date":"2026-02-23T10:39:48","date_gmt":"2026-02-23T10:39:48","guid":{"rendered":"https:\/\/boomvideo.rkinformatika.online\/?page_id=10"},"modified":"2026-03-11T15:52:42","modified_gmt":"2026-03-11T15:52:42","slug":"inicio","status":"publish","type":"page","link":"https:\/\/boomvideo.es\/eu\/","title":{"rendered":"Hasiera"},"content":{"rendered":"<div data-elementor-type=\"wp-page\" data-elementor-id=\"10\" class=\"elementor elementor-10\" data-elementor-post-type=\"page\">\n\t\t\t\t<div class=\"elementor-element elementor-element-bb5cc5e e-con-full e-flex e-con e-parent\" data-id=\"bb5cc5e\" data-element_type=\"container\" data-e-type=\"container\" data-settings=\"{&quot;background_background&quot;:&quot;classic&quot;}\">\n\t\t\t\t<div class=\"elementor-element elementor-element-ffe1d87 elementor-widget elementor-widget-heading\" data-id=\"ffe1d87\" data-element_type=\"widget\" data-e-type=\"widget\" data-widget_type=\"heading.default\">\n\t\t\t\t\t<h2 class=\"elementor-heading-title elementor-size-default\">Boom V\u00eddeo<\/h2>\t\t\t\t<\/div>\n\t\t\t\t<div class=\"elementor-element elementor-element-4fc06c5 elementor-widget elementor-widget-heading\" data-id=\"4fc06c5\" data-element_type=\"widget\" data-e-type=\"widget\" data-widget_type=\"heading.default\">\n\t\t\t\t\t<h2 class=\"elementor-heading-title elementor-size-default\">Mungiako zure txutxedenda eta bideo kluba.\n<\/h2>\t\t\t\t<\/div>\n\t\t\t\t<\/div>\n\t\t<div class=\"elementor-element elementor-element-ecccf5b e-flex e-con-boxed e-con e-parent\" data-id=\"ecccf5b\" data-element_type=\"container\" data-e-type=\"container\">\n\t\t\t\t\t<div class=\"e-con-inner\">\n\t\t<div class=\"elementor-element elementor-element-66df29a e-con-full e-flex elementor-invisible e-con e-child\" data-id=\"66df29a\" data-element_type=\"container\" data-e-type=\"container\" data-settings=\"{&quot;animation&quot;:&quot;fadeInLeft&quot;}\">\n\t\t\t\t<div class=\"elementor-element elementor-element-9285a2d elementor-widget elementor-widget-heading\" data-id=\"9285a2d\" data-element_type=\"widget\" data-e-type=\"widget\" data-widget_type=\"heading.default\">\n\t\t\t\t\t<h2 class=\"elementor-heading-title elementor-size-default\">Guri buruz<\/h2>\t\t\t\t<\/div>\n\t\t\t\t<div class=\"elementor-element elementor-element-b3dde56 elementor-widget elementor-widget-text-editor\" data-id=\"b3dde56\" data-element_type=\"widget\" data-e-type=\"widget\" data-widget_type=\"text-editor.default\">\n\t\t\t\t\t\t\t\t\t<p class=\"isSelectedEnd\">22 urte baino gehiago daramatzat Txutodenda eta Video Club honi lotuta. 12 urtez enplegatu gisa lan egin nuen, ikasten eta negozioaren barruan hazten. Duela 10 urtetik hona, jabea naiz, lekuaren funtsari eusteko eta gure bezero guztiei hurbileko eta konfiantzazko zerbitzua eskaintzen jarraitzeko konpromisoarekin.<\/p>\t\t\t\t\t\t\t\t<\/div>\n\t\t\t\t<\/div>\n\t\t<div class=\"elementor-element elementor-element-889cce0 e-con-full e-flex elementor-invisible e-con e-child\" data-id=\"889cce0\" data-element_type=\"container\" data-e-type=\"container\" data-settings=\"{&quot;animation&quot;:&quot;fadeInRight&quot;}\">\n\t\t\t\t<div class=\"elementor-element elementor-element-2767673 elementor-widget elementor-widget-image\" data-id=\"2767673\" data-element_type=\"widget\" data-e-type=\"widget\" data-widget_type=\"image.default\">\n\t\t\t\t\t\t\t\t\t\t\t\t\t\t\t<img fetchpriority=\"high\" decoding=\"async\" width=\"680\" height=\"510\" src=\"https:\/\/boomvideo.es\/wp-content\/uploads\/2026\/03\/unnamed.webp\" class=\"attachment-full size-full wp-image-212\" alt=\"\" srcset=\"https:\/\/boomvideo.es\/wp-content\/uploads\/2026\/03\/unnamed.webp 680w, https:\/\/boomvideo.es\/wp-content\/uploads\/2026\/03\/unnamed-300x225.webp 300w, https:\/\/boomvideo.es\/wp-content\/uploads\/2026\/03\/unnamed-16x12.webp 16w\" sizes=\"(max-width: 680px) 100vw, 680px\" \/>\t\t\t\t\t\t\t\t\t\t\t\t\t\t\t<\/div>\n\t\t\t\t<\/div>\n\t\t\t\t\t<\/div>\n\t\t\t\t<\/div>\n\t\t<div class=\"elementor-element elementor-element-1853491 e-flex e-con-boxed e-con e-parent\" data-id=\"1853491\" data-element_type=\"container\" data-e-type=\"container\">\n\t\t\t\t\t<div class=\"e-con-inner\">\n\t\t\t\t<div class=\"elementor-element elementor-element-8a35c91 elementor-widget elementor-widget-heading\" data-id=\"8a35c91\" data-element_type=\"widget\" data-e-type=\"widget\" data-widget_type=\"heading.default\">\n\t\t\t\t\t<h2 class=\"elementor-heading-title elementor-size-default\">Gure denda iruditan<\/h2>\t\t\t\t<\/div>\n\t\t\t\t<div class=\"elementor-element elementor-element-c2dd248 elementor-widget elementor-widget-gallery\" data-id=\"c2dd248\" data-element_type=\"widget\" data-e-type=\"widget\" data-settings=\"{&quot;columns&quot;:3,&quot;columns_tablet&quot;:3,&quot;lazyload&quot;:&quot;yes&quot;,&quot;gallery_layout&quot;:&quot;grid&quot;,&quot;columns_mobile&quot;:1,&quot;gap&quot;:{&quot;unit&quot;:&quot;px&quot;,&quot;size&quot;:10,&quot;sizes&quot;:[]},&quot;gap_tablet&quot;:{&quot;unit&quot;:&quot;px&quot;,&quot;size&quot;:10,&quot;sizes&quot;:[]},&quot;gap_mobile&quot;:{&quot;unit&quot;:&quot;px&quot;,&quot;size&quot;:10,&quot;sizes&quot;:[]},&quot;link_to&quot;:&quot;file&quot;,&quot;aspect_ratio&quot;:&quot;3:2&quot;,&quot;overlay_background&quot;:&quot;yes&quot;,&quot;content_hover_animation&quot;:&quot;fade-in&quot;}\" data-widget_type=\"gallery.default\">\n\t\t\t\t\t\t\t<div class=\"elementor-gallery__container\">\n\t\t\t\t\t\t\t<a class=\"e-gallery-item elementor-gallery-item elementor-animated-content\" href=\"https:\/\/boomvideo.es\/wp-content\/uploads\/2026\/03\/WhatsApp-Image-2026-03-11-at-16.31.41.jpeg\" data-elementor-open-lightbox=\"yes\" data-elementor-lightbox-slideshow=\"c2dd248\" data-e-action-hash=\"#elementor-action%3Aaction%3Dlightbox%26settings%3DeyJpZCI6MjY0LCJ1cmwiOiJodHRwczpcL1wvYm9vbXZpZGVvLmVzXC93cC1jb250ZW50XC91cGxvYWRzXC8yMDI2XC8wM1wvV2hhdHNBcHAtSW1hZ2UtMjAyNi0wMy0xMS1hdC0xNi4zMS40MS5qcGVnIiwic2xpZGVzaG93IjoiYzJkZDI0OCJ9\">\n\t\t\t\t\t<div class=\"e-gallery-image elementor-gallery-item__image\" data-thumbnail=\"https:\/\/boomvideo.es\/wp-content\/uploads\/2026\/03\/WhatsApp-Image-2026-03-11-at-16.31.41.jpeg\" data-width=\"2048\" data-height=\"1152\" aria-label=\"\" role=\"img\" ><\/div>\n\t\t\t\t\t\t\t\t\t\t\t<div class=\"elementor-gallery-item__overlay\"><\/div>\n\t\t\t\t\t\t\t\t\t\t\t\t\t\t<\/a>\n\t\t\t\t\t\t\t<a class=\"e-gallery-item elementor-gallery-item elementor-animated-content\" href=\"https:\/\/boomvideo.es\/wp-content\/uploads\/2026\/03\/WhatsApp-Image-2026-03-11-at-16.30.37.jpeg\" data-elementor-open-lightbox=\"yes\" data-elementor-lightbox-slideshow=\"c2dd248\" data-e-action-hash=\"#elementor-action%3Aaction%3Dlightbox%26settings%3DeyJpZCI6MjYyLCJ1cmwiOiJodHRwczpcL1wvYm9vbXZpZGVvLmVzXC93cC1jb250ZW50XC91cGxvYWRzXC8yMDI2XC8wM1wvV2hhdHNBcHAtSW1hZ2UtMjAyNi0wMy0xMS1hdC0xNi4zMC4zNy5qcGVnIiwic2xpZGVzaG93IjoiYzJkZDI0OCJ9\">\n\t\t\t\t\t<div class=\"e-gallery-image elementor-gallery-item__image\" data-thumbnail=\"https:\/\/boomvideo.es\/wp-content\/uploads\/2026\/03\/WhatsApp-Image-2026-03-11-at-16.30.37.jpeg\" data-width=\"1152\" data-height=\"2048\" aria-label=\"\" role=\"img\" ><\/div>\n\t\t\t\t\t\t\t\t\t\t\t<div class=\"elementor-gallery-item__overlay\"><\/div>\n\t\t\t\t\t\t\t\t\t\t\t\t\t\t<\/a>\n\t\t\t\t\t\t\t<a class=\"e-gallery-item elementor-gallery-item elementor-animated-content\" href=\"https:\/\/boomvideo.es\/wp-content\/uploads\/2026\/03\/WhatsApp-Image-2026-03-11-at-16.31.31.jpeg\" data-elementor-open-lightbox=\"yes\" data-elementor-lightbox-slideshow=\"c2dd248\" data-e-action-hash=\"#elementor-action%3Aaction%3Dlightbox%26settings%3DeyJpZCI6MjYzLCJ1cmwiOiJodHRwczpcL1wvYm9vbXZpZGVvLmVzXC93cC1jb250ZW50XC91cGxvYWRzXC8yMDI2XC8wM1wvV2hhdHNBcHAtSW1hZ2UtMjAyNi0wMy0xMS1hdC0xNi4zMS4zMS5qcGVnIiwic2xpZGVzaG93IjoiYzJkZDI0OCJ9\">\n\t\t\t\t\t<div class=\"e-gallery-image elementor-gallery-item__image\" data-thumbnail=\"https:\/\/boomvideo.es\/wp-content\/uploads\/2026\/03\/WhatsApp-Image-2026-03-11-at-16.31.31.jpeg\" data-width=\"1152\" data-height=\"2048\" aria-label=\"\" role=\"img\" ><\/div>\n\t\t\t\t\t\t\t\t\t\t\t<div class=\"elementor-gallery-item__overlay\"><\/div>\n\t\t\t\t\t\t\t\t\t\t\t\t\t\t<\/a>\n\t\t\t\t\t\t\t<a class=\"e-gallery-item elementor-gallery-item elementor-animated-content\" href=\"https:\/\/boomvideo.es\/wp-content\/uploads\/2026\/03\/WhatsApp-Image-2026-03-11-at-16.32.54.jpeg\" data-elementor-open-lightbox=\"yes\" data-elementor-lightbox-slideshow=\"c2dd248\" data-e-action-hash=\"#elementor-action%3Aaction%3Dlightbox%26settings%3DeyJpZCI6MjY1LCJ1cmwiOiJodHRwczpcL1wvYm9vbXZpZGVvLmVzXC93cC1jb250ZW50XC91cGxvYWRzXC8yMDI2XC8wM1wvV2hhdHNBcHAtSW1hZ2UtMjAyNi0wMy0xMS1hdC0xNi4zMi41NC5qcGVnIiwic2xpZGVzaG93IjoiYzJkZDI0OCJ9\">\n\t\t\t\t\t<div class=\"e-gallery-image elementor-gallery-item__image\" data-thumbnail=\"https:\/\/boomvideo.es\/wp-content\/uploads\/2026\/03\/WhatsApp-Image-2026-03-11-at-16.32.54.jpeg\" data-width=\"2048\" data-height=\"1152\" aria-label=\"\" role=\"img\" ><\/div>\n\t\t\t\t\t\t\t\t\t\t\t<div class=\"elementor-gallery-item__overlay\"><\/div>\n\t\t\t\t\t\t\t\t\t\t\t\t\t\t<\/a>\n\t\t\t\t\t\t\t<a class=\"e-gallery-item elementor-gallery-item elementor-animated-content\" href=\"https:\/\/boomvideo.es\/wp-content\/uploads\/2026\/03\/WhatsApp-Image-2026-03-11-at-16.33.23.jpeg\" data-elementor-open-lightbox=\"yes\" data-elementor-lightbox-slideshow=\"c2dd248\" data-e-action-hash=\"#elementor-action%3Aaction%3Dlightbox%26settings%3DeyJpZCI6MjY2LCJ1cmwiOiJodHRwczpcL1wvYm9vbXZpZGVvLmVzXC93cC1jb250ZW50XC91cGxvYWRzXC8yMDI2XC8wM1wvV2hhdHNBcHAtSW1hZ2UtMjAyNi0wMy0xMS1hdC0xNi4zMy4yMy5qcGVnIiwic2xpZGVzaG93IjoiYzJkZDI0OCJ9\">\n\t\t\t\t\t<div class=\"e-gallery-image elementor-gallery-item__image\" data-thumbnail=\"https:\/\/boomvideo.es\/wp-content\/uploads\/2026\/03\/WhatsApp-Image-2026-03-11-at-16.33.23.jpeg\" data-width=\"2048\" data-height=\"1152\" aria-label=\"\" role=\"img\" ><\/div>\n\t\t\t\t\t\t\t\t\t\t\t<div class=\"elementor-gallery-item__overlay\"><\/div>\n\t\t\t\t\t\t\t\t\t\t\t\t\t\t<\/a>\n\t\t\t\t\t\t\t<a class=\"e-gallery-item elementor-gallery-item elementor-animated-content\" href=\"https:\/\/boomvideo.es\/wp-content\/uploads\/2026\/03\/WhatsApp-Image-2026-03-11-at-16.33.35.jpeg\" data-elementor-open-lightbox=\"yes\" data-elementor-lightbox-slideshow=\"c2dd248\" data-e-action-hash=\"#elementor-action%3Aaction%3Dlightbox%26settings%3DeyJpZCI6MjY3LCJ1cmwiOiJodHRwczpcL1wvYm9vbXZpZGVvLmVzXC93cC1jb250ZW50XC91cGxvYWRzXC8yMDI2XC8wM1wvV2hhdHNBcHAtSW1hZ2UtMjAyNi0wMy0xMS1hdC0xNi4zMy4zNS5qcGVnIiwic2xpZGVzaG93IjoiYzJkZDI0OCJ9\">\n\t\t\t\t\t<div class=\"e-gallery-image elementor-gallery-item__image\" data-thumbnail=\"https:\/\/boomvideo.es\/wp-content\/uploads\/2026\/03\/WhatsApp-Image-2026-03-11-at-16.33.35.jpeg\" data-width=\"1152\" data-height=\"2048\" aria-label=\"\" role=\"img\" ><\/div>\n\t\t\t\t\t\t\t\t\t\t\t<div class=\"elementor-gallery-item__overlay\"><\/div>\n\t\t\t\t\t\t\t\t\t\t\t\t\t\t<\/a>\n\t\t\t\t\t<\/div>\n\t\t\t\t\t<\/div>\n\t\t\t\t\t<\/div>\n\t\t\t\t<\/div>\n\t\t<div class=\"elementor-element elementor-element-ac108a5 e-flex e-con-boxed e-con e-parent\" data-id=\"ac108a5\" data-element_type=\"container\" data-e-type=\"container\" data-settings=\"{&quot;background_background&quot;:&quot;classic&quot;}\">\n\t\t\t\t\t<div class=\"e-con-inner\">\n\t\t\t\t<div class=\"elementor-element elementor-element-8b03f31 elementor-widget elementor-widget-heading\" data-id=\"8b03f31\" data-element_type=\"widget\" data-e-type=\"widget\" data-widget_type=\"heading.default\">\n\t\t\t\t\t<h2 class=\"elementor-heading-title elementor-size-default\">Ezagutu gure zerbitzuak eta aurkitu behar duzuna.<\/h2>\t\t\t\t<\/div>\n\t\t\t\t<div class=\"elementor-element elementor-element-5f36a4f elementor-widget elementor-widget-button\" data-id=\"5f36a4f\" data-element_type=\"widget\" data-e-type=\"widget\" data-widget_type=\"button.default\">\n\t\t\t\t\t\t\t\t\t\t<a class=\"elementor-button elementor-button-link elementor-size-sm\" href=\"\/eu\/servicios\/\">\n\t\t\t\t\t\t<span class=\"elementor-button-content-wrapper\">\n\t\t\t\t\t\t<span class=\"elementor-button-icon\">\n\t\t\t\t<svg aria-hidden=\"true\" class=\"e-font-icon-svg e-fas-mouse-pointer\" viewbox=\"0 0 320 512\" xmlns=\"http:\/\/www.w3.org\/2000\/svg\"><path d=\"M302.189 329.126H196.105l55.831 135.993c3.889 9.428-.555 19.999-9.444 23.999l-49.165 21.427c-9.165 4-19.443-.571-23.332-9.714l-53.053-129.136-86.664 89.138C18.729 472.71 0 463.554 0 447.977V18.299C0 1.899 19.921-6.096 30.277 5.443l284.412 292.542c11.472 11.179 3.007 31.141-12.5 31.141z\"><\/path><\/svg>\t\t\t<\/span>\n\t\t\t\t\t\t\t\t\t<span class=\"elementor-button-text\">Ikusi zerbitzuak<\/span>\n\t\t\t\t\t<\/span>\n\t\t\t\t\t<\/a>\n\t\t\t\t\t\t\t\t<\/div>\n\t\t\t\t\t<\/div>\n\t\t\t\t<\/div>\n\t\t\t\t<\/div>","protected":false},"excerpt":{"rendered":"<p>Boom V\u00eddeo Tu txutxedenda y v\u00eddeo club en Mungia. Sobre nosotros Llevo m\u00e1s de 22 a\u00f1os vinculado a este Txutodenda y Video Club. Durante 12 a\u00f1os trabaj\u00e9 como empleado, aprendiendo y creciendo dentro del negocio. Desde hace 10 a\u00f1os soy el due\u00f1o, con el compromiso de mantener la esencia del lugar y seguir ofreciendo un [&hellip;]<\/p>\n","protected":false},"author":1,"featured_media":0,"parent":0,"menu_order":0,"comment_status":"closed","ping_status":"closed","template":"elementor_canvas","meta":{"footnotes":""},"class_list":["post-10","page","type-page","status-publish","hentry"],"yoast_head":"<!-- This site is optimized with the Yoast SEO plugin v27.3 - https:\/\/yoast.com\/product\/yoast-seo-wordpress\/ -->\n<title>Inicio - Boom Video<\/title>\n<meta name=\"robots\" content=\"index, follow, max-snippet:-1, max-image-preview:large, max-video-preview:-1\" \/>\n<link rel=\"canonical\" href=\"https:\/\/boomvideo.es\/eu\/\" \/>\n<meta property=\"og:locale\" content=\"en_US\" \/>\n<meta property=\"og:type\" content=\"article\" \/>\n<meta property=\"og:title\" content=\"Inicio - Boom Video\" \/>\n<meta property=\"og:description\" content=\"Boom V\u00eddeo Tu txutxedenda y v\u00eddeo club en Mungia. Sobre nosotros Llevo m\u00e1s de 22 a\u00f1os vinculado a este Txutodenda y Video Club. Durante 12 a\u00f1os trabaj\u00e9 como empleado, aprendiendo y creciendo dentro del negocio. Desde hace 10 a\u00f1os soy el due\u00f1o, con el compromiso de mantener la esencia del lugar y seguir ofreciendo un [&hellip;]\" \/>\n<meta property=\"og:url\" content=\"https:\/\/boomvideo.es\/eu\/\" \/>\n<meta property=\"og:site_name\" content=\"Boom Video\" \/>\n<meta property=\"article:modified_time\" content=\"2026-03-11T15:52:42+00:00\" \/>\n<meta property=\"og:image\" content=\"https:\/\/boomvideo.es\/wp-content\/uploads\/2026\/03\/unnamed.webp\" \/>\n<meta name=\"twitter:card\" content=\"summary_large_image\" \/>\n<meta name=\"twitter:label1\" content=\"Est. reading time\" \/>\n\t<meta name=\"twitter:data1\" content=\"1 minutua\" \/>\n<script type=\"application\/ld+json\" class=\"yoast-schema-graph\">{\"@context\":\"https:\\\/\\\/schema.org\",\"@graph\":[{\"@type\":\"WebPage\",\"@id\":\"https:\\\/\\\/boomvideo.es\\\/\",\"url\":\"https:\\\/\\\/boomvideo.es\\\/\",\"name\":\"Inicio - Boom Video\",\"isPartOf\":{\"@id\":\"https:\\\/\\\/boomvideo.es\\\/#website\"},\"primaryImageOfPage\":{\"@id\":\"https:\\\/\\\/boomvideo.es\\\/#primaryimage\"},\"image\":{\"@id\":\"https:\\\/\\\/boomvideo.es\\\/#primaryimage\"},\"thumbnailUrl\":\"https:\\\/\\\/boomvideo.es\\\/wp-content\\\/uploads\\\/2026\\\/03\\\/unnamed.webp\",\"datePublished\":\"2026-02-23T10:39:48+00:00\",\"dateModified\":\"2026-03-11T15:52:42+00:00\",\"breadcrumb\":{\"@id\":\"https:\\\/\\\/boomvideo.es\\\/#breadcrumb\"},\"inLanguage\":\"eu\",\"potentialAction\":[{\"@type\":\"ReadAction\",\"target\":[\"https:\\\/\\\/boomvideo.es\\\/\"]}]},{\"@type\":\"ImageObject\",\"inLanguage\":\"eu\",\"@id\":\"https:\\\/\\\/boomvideo.es\\\/#primaryimage\",\"url\":\"https:\\\/\\\/boomvideo.es\\\/wp-content\\\/uploads\\\/2026\\\/03\\\/unnamed.webp\",\"contentUrl\":\"https:\\\/\\\/boomvideo.es\\\/wp-content\\\/uploads\\\/2026\\\/03\\\/unnamed.webp\"},{\"@type\":\"BreadcrumbList\",\"@id\":\"https:\\\/\\\/boomvideo.es\\\/#breadcrumb\",\"itemListElement\":[{\"@type\":\"ListItem\",\"position\":1,\"name\":\"Portada\",\"item\":\"https:\\\/\\\/boomvideo.es\\\/\"},{\"@type\":\"ListItem\",\"position\":2,\"name\":\"Inicio\"}]},{\"@type\":\"WebSite\",\"@id\":\"https:\\\/\\\/boomvideo.es\\\/#website\",\"url\":\"https:\\\/\\\/boomvideo.es\\\/\",\"name\":\"Boom Video\",\"description\":\"Pel\u00edculas, Snacks y Gominolas\",\"publisher\":{\"@id\":\"https:\\\/\\\/boomvideo.es\\\/#organization\"},\"potentialAction\":[{\"@type\":\"SearchAction\",\"target\":{\"@type\":\"EntryPoint\",\"urlTemplate\":\"https:\\\/\\\/boomvideo.es\\\/?s={search_term_string}\"},\"query-input\":{\"@type\":\"PropertyValueSpecification\",\"valueRequired\":true,\"valueName\":\"search_term_string\"}}],\"inLanguage\":\"eu\"},{\"@type\":\"Organization\",\"@id\":\"https:\\\/\\\/boomvideo.es\\\/#organization\",\"name\":\"Boom Video\",\"url\":\"https:\\\/\\\/boomvideo.es\\\/\",\"logo\":{\"@type\":\"ImageObject\",\"inLanguage\":\"eu\",\"@id\":\"https:\\\/\\\/boomvideo.es\\\/#\\\/schema\\\/logo\\\/image\\\/\",\"url\":\"https:\\\/\\\/boomvideo.es\\\/wp-content\\\/uploads\\\/2026\\\/03\\\/cropped-boomvideo202602_logo_web.png\",\"contentUrl\":\"https:\\\/\\\/boomvideo.es\\\/wp-content\\\/uploads\\\/2026\\\/03\\\/cropped-boomvideo202602_logo_web.png\",\"width\":2248,\"height\":806,\"caption\":\"Boom Video\"},\"image\":{\"@id\":\"https:\\\/\\\/boomvideo.es\\\/#\\\/schema\\\/logo\\\/image\\\/\"}}]}<\/script>\n<!-- \/ Yoast SEO plugin. -->","yoast_head_json":{"title":"Inicio - Boom Video","robots":{"index":"index","follow":"follow","max-snippet":"max-snippet:-1","max-image-preview":"max-image-preview:large","max-video-preview":"max-video-preview:-1"},"canonical":"https:\/\/boomvideo.es\/eu\/","og_locale":"en_US","og_type":"article","og_title":"Inicio - Boom Video","og_description":"Boom V\u00eddeo Tu txutxedenda y v\u00eddeo club en Mungia. Sobre nosotros Llevo m\u00e1s de 22 a\u00f1os vinculado a este Txutodenda y Video Club. Durante 12 a\u00f1os trabaj\u00e9 como empleado, aprendiendo y creciendo dentro del negocio. Desde hace 10 a\u00f1os soy el due\u00f1o, con el compromiso de mantener la esencia del lugar y seguir ofreciendo un [&hellip;]","og_url":"https:\/\/boomvideo.es\/eu\/","og_site_name":"Boom Video","article_modified_time":"2026-03-11T15:52:42+00:00","og_image":[{"url":"https:\/\/boomvideo.es\/wp-content\/uploads\/2026\/03\/unnamed.webp","type":"","width":"","height":""}],"twitter_card":"summary_large_image","twitter_misc":{"Est. reading time":"1 minutua"},"schema":{"@context":"https:\/\/schema.org","@graph":[{"@type":"WebPage","@id":"https:\/\/boomvideo.es\/","url":"https:\/\/boomvideo.es\/","name":"Inicio - Boom Video","isPartOf":{"@id":"https:\/\/boomvideo.es\/#website"},"primaryImageOfPage":{"@id":"https:\/\/boomvideo.es\/#primaryimage"},"image":{"@id":"https:\/\/boomvideo.es\/#primaryimage"},"thumbnailUrl":"https:\/\/boomvideo.es\/wp-content\/uploads\/2026\/03\/unnamed.webp","datePublished":"2026-02-23T10:39:48+00:00","dateModified":"2026-03-11T15:52:42+00:00","breadcrumb":{"@id":"https:\/\/boomvideo.es\/#breadcrumb"},"inLanguage":"eu","potentialAction":[{"@type":"ReadAction","target":["https:\/\/boomvideo.es\/"]}]},{"@type":"ImageObject","inLanguage":"eu","@id":"https:\/\/boomvideo.es\/#primaryimage","url":"https:\/\/boomvideo.es\/wp-content\/uploads\/2026\/03\/unnamed.webp","contentUrl":"https:\/\/boomvideo.es\/wp-content\/uploads\/2026\/03\/unnamed.webp"},{"@type":"BreadcrumbList","@id":"https:\/\/boomvideo.es\/#breadcrumb","itemListElement":[{"@type":"ListItem","position":1,"name":"Portada","item":"https:\/\/boomvideo.es\/"},{"@type":"ListItem","position":2,"name":"Inicio"}]},{"@type":"WebSite","@id":"https:\/\/boomvideo.es\/#website","url":"https:\/\/boomvideo.es\/","name":"Boom Video","description":"Pel\u00edculas, Snacks y Gominolas","publisher":{"@id":"https:\/\/boomvideo.es\/#organization"},"potentialAction":[{"@type":"SearchAction","target":{"@type":"EntryPoint","urlTemplate":"https:\/\/boomvideo.es\/?s={search_term_string}"},"query-input":{"@type":"PropertyValueSpecification","valueRequired":true,"valueName":"search_term_string"}}],"inLanguage":"eu"},{"@type":"Organization","@id":"https:\/\/boomvideo.es\/#organization","name":"Boom Video","url":"https:\/\/boomvideo.es\/","logo":{"@type":"ImageObject","inLanguage":"eu","@id":"https:\/\/boomvideo.es\/#\/schema\/logo\/image\/","url":"https:\/\/boomvideo.es\/wp-content\/uploads\/2026\/03\/cropped-boomvideo202602_logo_web.png","contentUrl":"https:\/\/boomvideo.es\/wp-content\/uploads\/2026\/03\/cropped-boomvideo202602_logo_web.png","width":2248,"height":806,"caption":"Boom Video"},"image":{"@id":"https:\/\/boomvideo.es\/#\/schema\/logo\/image\/"}}]}},"_links":{"self":[{"href":"https:\/\/boomvideo.es\/eu\/wp-json\/wp\/v2\/pages\/10","targetHints":{"allow":["GET"]}}],"collection":[{"href":"https:\/\/boomvideo.es\/eu\/wp-json\/wp\/v2\/pages"}],"about":[{"href":"https:\/\/boomvideo.es\/eu\/wp-json\/wp\/v2\/types\/page"}],"author":[{"embeddable":true,"href":"https:\/\/boomvideo.es\/eu\/wp-json\/wp\/v2\/users\/1"}],"replies":[{"embeddable":true,"href":"https:\/\/boomvideo.es\/eu\/wp-json\/wp\/v2\/comments?post=10"}],"version-history":[{"count":46,"href":"https:\/\/boomvideo.es\/eu\/wp-json\/wp\/v2\/pages\/10\/revisions"}],"predecessor-version":[{"id":270,"href":"https:\/\/boomvideo.es\/eu\/wp-json\/wp\/v2\/pages\/10\/revisions\/270"}],"wp:attachment":[{"href":"https:\/\/boomvideo.es\/eu\/wp-json\/wp\/v2\/media?parent=10"}],"curies":[{"name":"wp","href":"https:\/\/api.w.org\/{rel}","templated":true}]}}